{"id":9,"date":"2015-02-10T19:21:19","date_gmt":"2015-02-10T19:21:19","guid":{"rendered":"https:\/\/avada.theme-fusion.com_demos\/architecture\/?page_id=9"},"modified":"2026-02-10T01:51:42","modified_gmt":"2026-02-10T00:51:42","slug":"about","status":"publish","type":"page","link":"https:\/\/www.talk-tv.at\/index.php\/about\/","title":{"rendered":"About"},"content":{"rendered":"<div class=\"fusion-fullwidth fullwidth-box fusion-builder-row-1 has-pattern-background has-mask-background nonhundred-percent-fullwidth non-hundred-percent-height-scrolling\" style=\"--awb-background-position:left top;--awb-border-sizes-top:0px;--awb-border-sizes-bottom:0px;--awb-border-sizes-left:0px;--awb-border-sizes-right:0px;--awb-border-radius-top-left:0px;--awb-border-radius-top-right:0px;--awb-border-radius-bottom-right:0px;--awb-border-radius-bottom-left:0px;--awb-padding-top:150px;--awb-padding-bottom:150px;--awb-background-color:#ffffff;--awb-flex-wrap:wrap;\" ><div class=\"fusion-builder-row fusion-row\"><div class=\"fusion-layout-column fusion_builder_column fusion-builder-column-0 fusion_builder_column_1_2 1_2 fusion-one-half fusion-column-first\" style=\"--awb-bg-size:cover;width:48%; margin-right: 4%;\"><div class=\"fusion-column-wrapper fusion-flex-column-wrapper-legacy\"><div class=\"fusion-text fusion-text-1\"><h2><b>Fernsehen, \u00fcber das \u00d6sterreich spricht!<\/b><\/h2>\n<\/div><div class=\"fusion-sep-clear\"><\/div><div class=\"fusion-separator fusion-clearfix\" style=\"float:left;margin-top:0px;margin-bottom:35px;width:100%;max-width:170px;\"><div class=\"fusion-separator-border sep-single sep-solid\" style=\"--awb-height:20px;--awb-amount:20px;--awb-sep-color:#e2e3e8;border-color:#e2e3e8;border-top-width:3px;\"><\/div><\/div><div class=\"fusion-sep-clear\"><\/div><div class=\"fusion-text fusion-text-2\"><h4><em>Wir geben \u00d6sterreich die Chance, mitzureden und liefern Sendungen, \u00fcber die gesprochen wird. Wir sind \u00d6sterreichs verl\u00e4sslicher Partner f\u00fcr best\u00e4ndige TV-Zusammenarbeit und langlebige Formate.<\/em><\/h4>\n<\/div><div class=\"fusion-sep-clear\"><\/div><div class=\"fusion-separator fusion-clearfix\" style=\"float:left;margin-top:0px;margin-bottom:35px;width:100%;max-width:170px;\"><\/div><div class=\"fusion-sep-clear\"><\/div><div class=\"fusion-text fusion-text-3\"><p style=\"text-align: justify;\">Mit der Produktion vielf\u00e4ltiger Infotainment- und Showformate hat sich TALK TV fest am Fernsehmarkt etabliert. Wir z\u00e4hlen zu den gr\u00f6\u00dften heimischen Produzenten f\u00fcr Unterhaltung. Das langj\u00e4hrige Talk-Format \u201eDie Barbara Karlich Show\u201d und das beliebte Magazin \u201eNatur im Garten\u201d beweisen, welchen Erfolg unverwechselbar \u00f6sterreichische Inhalte haben. Unsere Leidenschaft liegt in emotionalen und aufrichtigen Storys.<\/p>\n<\/div><div class=\"fusion-text fusion-text-4\"><h4><b>Vom Konzept \u00fcber Casting und Dreh zur Postproduktion.<\/b><\/h4>\n<\/div><div class=\"fusion-clearfix\"><\/div><\/div><\/div><div class=\"fusion-layout-column fusion_builder_column fusion-builder-column-1 fusion_builder_column_1_2 1_2 fusion-one-half fusion-column-last\" style=\"--awb-bg-size:cover;width:48%;\"><div class=\"fusion-column-wrapper fusion-flex-column-wrapper-legacy\"><div class=\"fusion-image-element in-legacy-container\" style=\"--awb-caption-title-font-family:var(--h2_typography-font-family);--awb-caption-title-font-weight:var(--h2_typography-font-weight);--awb-caption-title-font-style:var(--h2_typography-font-style);--awb-caption-title-size:var(--h2_typography-font-size);--awb-caption-title-transform:var(--h2_typography-text-transform);--awb-caption-title-line-height:var(--h2_typography-line-height);--awb-caption-title-letter-spacing:var(--h2_typography-letter-spacing);\"><span class=\" fusion-imageframe imageframe-none imageframe-1 hover-type-zoomin fusion-animated\" data-animationType=\"fadeInDown\" data-animationDuration=\"1.0\" data-animationOffset=\"top-into-view\"><a href=\"https:\/\/i0.wp.com\/www.talk-tv.at\/wp-content\/uploads\/2026\/02\/istock_04.jpg?ssl=1\" class=\"fusion-lightbox\" data-rel=\"iLightbox[14cd1b445bd9b447a74]\" data-title=\"istock_04\" title=\"istock_04\"><img data-recalc-dims=\"1\" decoding=\"async\" width=\"1170\" height=\"658\" src=\"https:\/\/i0.wp.com\/www.talk-tv.at\/wp-content\/uploads\/2026\/02\/istock_04.jpg?resize=1170%2C658&#038;ssl=1\" alt class=\"img-responsive wp-image-3557\" srcset=\"https:\/\/i0.wp.com\/www.talk-tv.at\/wp-content\/uploads\/2026\/02\/istock_04.jpg?resize=200%2C113&amp;ssl=1 200w, https:\/\/i0.wp.com\/www.talk-tv.at\/wp-content\/uploads\/2026\/02\/istock_04.jpg?resize=300%2C169&amp;ssl=1 300w, https:\/\/i0.wp.com\/www.talk-tv.at\/wp-content\/uploads\/2026\/02\/istock_04.jpg?resize=400%2C225&amp;ssl=1 400w, https:\/\/i0.wp.com\/www.talk-tv.at\/wp-content\/uploads\/2026\/02\/istock_04.jpg?resize=600%2C338&amp;ssl=1 600w, https:\/\/i0.wp.com\/www.talk-tv.at\/wp-content\/uploads\/2026\/02\/istock_04.jpg?resize=768%2C432&amp;ssl=1 768w, https:\/\/i0.wp.com\/www.talk-tv.at\/wp-content\/uploads\/2026\/02\/istock_04.jpg?resize=800%2C450&amp;ssl=1 800w, https:\/\/i0.wp.com\/www.talk-tv.at\/wp-content\/uploads\/2026\/02\/istock_04.jpg?resize=1024%2C576&amp;ssl=1 1024w, https:\/\/i0.wp.com\/www.talk-tv.at\/wp-content\/uploads\/2026\/02\/istock_04.jpg?resize=1200%2C675&amp;ssl=1 1200w, https:\/\/i0.wp.com\/www.talk-tv.at\/wp-content\/uploads\/2026\/02\/istock_04.jpg?resize=1536%2C864&amp;ssl=1 1536w, https:\/\/i0.wp.com\/www.talk-tv.at\/wp-content\/uploads\/2026\/02\/istock_04.jpg?w=1920&amp;ssl=1 1920w\" sizes=\"(max-width: 800px) 100vw, 600px\" \/><\/a><\/span><\/div><div class=\"fusion-sep-clear\"><\/div><div class=\"fusion-separator fusion-full-width-sep\" style=\"margin-left: auto;margin-right: auto;margin-top:40px;width:100%;\"><\/div><div class=\"fusion-sep-clear\"><\/div><div class=\"fusion-text fusion-text-5\"><p style=\"text-align: justify;\">TALK TV bietet Komplett- und Teilabwicklungen von Fernsehproduktionen an. Dies beinhaltet Aufzeichnungs- &amp; \u00dcbertragungstechnik, Grafik-, Kreativ-, Redaktions- und Produktionspersonal. Das spezialisierte und eingespielte Team von TALK TV erarbeitet und realisiert TV-Sendungen von A bis Z \u2013 von der Idee, \u00fcber das Konzept, bis zur gesamten Produktion. Vom Pilotfilm, bis zur sendefertigen Episode entstehen auf diese Weise Bilder und Geschichten, die das TV-Publikum nicht vergisst.<\/p>\n<\/div><div class=\"fusion-clearfix\"><\/div><\/div><\/div><\/div><\/div>\n","protected":false},"excerpt":{"rendered":"","protected":false},"author":1,"featured_media":0,"parent":0,"menu_order":0,"comment_status":"closed","ping_status":"closed","template":"100-width.php","meta":{"_acf_changed":false,"footnotes":""},"class_list":["post-9","page","type-page","status-publish","hentry"],"acf":[],"jetpack_sharing_enabled":true,"_links":{"self":[{"href":"https:\/\/www.talk-tv.at\/index.php\/wp-json\/wp\/v2\/pages\/9","targetHints":{"allow":["GET"]}}],"collection":[{"href":"https:\/\/www.talk-tv.at\/index.php\/wp-json\/wp\/v2\/pages"}],"about":[{"href":"https:\/\/www.talk-tv.at\/index.php\/wp-json\/wp\/v2\/types\/page"}],"author":[{"embeddable":true,"href":"https:\/\/www.talk-tv.at\/index.php\/wp-json\/wp\/v2\/users\/1"}],"replies":[{"embeddable":true,"href":"https:\/\/www.talk-tv.at\/index.php\/wp-json\/wp\/v2\/comments?post=9"}],"version-history":[{"count":72,"href":"https:\/\/www.talk-tv.at\/index.php\/wp-json\/wp\/v2\/pages\/9\/revisions"}],"predecessor-version":[{"id":3654,"href":"https:\/\/www.talk-tv.at\/index.php\/wp-json\/wp\/v2\/pages\/9\/revisions\/3654"}],"wp:attachment":[{"href":"https:\/\/www.talk-tv.at\/index.php\/wp-json\/wp\/v2\/media?parent=9"}],"curies":[{"name":"wp","href":"https:\/\/api.w.org\/{rel}","templated":true}]}}