{"id":1025,"date":"2019-10-28T14:08:25","date_gmt":"2019-10-28T14:08:25","guid":{"rendered":"https:\/\/www.talk-tv.at\/?page_id=1025"},"modified":"2026-02-25T17:50:46","modified_gmt":"2026-02-25T16:50:46","slug":"die-millionen-show","status":"publish","type":"page","link":"https:\/\/www.talk-tv.at\/index.php\/sendungen\/die-millionen-show\/","title":{"rendered":"Die Millionen Show"},"content":{"rendered":"<p><div class=\"fusion-fullwidth fullwidth-box fusion-builder-row-1 has-pattern-background has-mask-background nonhundred-percent-fullwidth non-hundred-percent-height-scrolling\" style=\"--awb-border-radius-top-left:0px;--awb-border-radius-top-right:0px;--awb-border-radius-bottom-right:0px;--awb-border-radius-bottom-left:0px;--awb-background-color:var(--awb-color1);--awb-flex-wrap:wrap;\" ><div class=\"fusion-builder-row fusion-row\"><div class=\"fusion-layout-column fusion_builder_column fusion-builder-column-0 fusion_builder_column_1_2 1_2 fusion-one-half fusion-column-first\" style=\"--awb-bg-size:cover;width:50%;width:calc(50% - ( ( 4% ) * 0.5 ) );margin-right: 4%;\"><div class=\"fusion-column-wrapper fusion-column-has-shadow fusion-flex-column-wrapper-legacy\"><div class=\"fusion-title title fusion-title-1 fusion-sep-none fusion-title-text fusion-title-size-one\"><h1 class=\"fusion-title-heading title-heading-left fusion-responsive-typography-calculated\" style=\"margin:0;--fontSize:60;line-height:1.33;\"><h2>Die Millionen Show<\/h2><\/h1><\/div><div class=\"fusion-text fusion-text-1\" style=\"--awb-content-alignment:justify;\"><h3><span style=\"font-size: 12pt;\"><em>Das beliebteste Quiz der Welt. Kaum ein Mensch auf der Welt kennt diese Show nicht! \u201eWho wants to be a millionaire?\u201d ist seit 1998 ein internationales Fernsehph\u00e4nomen.\u00a0Ausgestrahlt in \u00fcber 100 L\u00e4ndern, bringt die Sendung Menschen weltweit ihrem Traum vom Geldregen n\u00e4her. In \u00d6sterreich ist dies bei der \u201eMillionenshow\u201c m\u00f6glich.\u00a0Seit dem Jahr 2000 ist die Quiz-Sendung ein beliebter Fixpunkt im ORF Hauptabendprogramm.<\/em><\/span><\/h3>\n<h3><span style=\"font-size: 12pt;\"><em>F\u00fcr die Auswahl der KandidatInnen ist TALK TV seit 2003 verantwortlich.<\/em><\/span><\/h3>\n<\/div><div class=\"fusion-sep-clear\"><\/div><div class=\"fusion-separator fusion-full-width-sep\" style=\"margin-left: auto;margin-right: auto;margin-top:10px;margin-bottom:10px;width:100%;\"><\/div><div class=\"fusion-sep-clear\"><\/div><div class=\"fusion-clearfix\"><\/div><\/div><\/div><div class=\"fusion-layout-column fusion_builder_column fusion-builder-column-1 fusion_builder_column_1_2 1_2 fusion-one-half fusion-column-last\" style=\"--awb-bg-size:cover;width:50%;width:calc(50% - ( ( 4% ) * 0.5 ) );\"><div class=\"fusion-column-wrapper fusion-column-has-shadow fusion-flex-column-wrapper-legacy\"><div class=\"awb-gallery-wrapper awb-gallery-wrapper-1 button-span-no\" style=\"--more-btn-alignment:center;\"><div style=\"margin:-2px;--awb-bordersize:0px;\" class=\"fusion-gallery fusion-gallery-container fusion-grid-2 fusion-columns-total-4 fusion-gallery-layout-masonry fusion-gallery-1\"><div class=\"fusion-grid-column fusion-gallery-column fusion-gallery-column-2 hover-type-zoomin fusion-grid-sizer\"><\/div><div style=\"padding:2.5px;\" class=\"fusion-grid-column fusion-gallery-column fusion-gallery-column-2 hover-type-zoomin fusion-element-landscape fusion-element-portrait\"><div class=\"fusion-gallery-image\"><a href=\"https:\/\/i0.wp.com\/www.talk-tv.at\/wp-content\/uploads\/2026\/02\/Die-Millionenshow_Armin-Assinger_15-scaled.jpg?fit=2560%2C1707&#038;ssl=1\" data-caption=\"Die Millionenshow - Mit Wissen und einem Qu\u00e4ntchen Gl\u00fcck haben auch diesmal wieder vier Kandidaten die Chance auf den Gewinn von 1 Million Euro! Im Bild: Armin Assinger. - SENDUNG: ORF2 - MO - 13.05.2024 - 20:15 Uhr - Foto: ORF\/Stefan Gregorowius - Ver\u00f6ffentlichung honorarfrei nur f\u00fcr redaktionelle Berichterstattung in Sendungszusammenhang und mit Copyrightangabe. Kontakt: foto@orf.at\" rel=\"noreferrer\" data-rel=\"iLightbox[gallery_image_1]\" class=\"fusion-lightbox\" target=\"_self\"><div style=\"background-image:url(https:\/\/i0.wp.com\/www.talk-tv.at\/wp-content\/uploads\/2026\/02\/Die-Millionenshow_Armin-Assinger_15-scaled.jpg?fit=2560%2C1707&#038;ssl=1);padding-top:calc((100% + 4px) * 0.8);background-position:;\" class=\"fusion-masonry-element-container\"><img data-recalc-dims=\"1\" decoding=\"async\" src=\"https:\/\/i0.wp.com\/www.talk-tv.at\/wp-content\/uploads\/2026\/02\/Die-Millionenshow_Armin-Assinger_15-scaled.jpg?resize=1170%2C780&#038;ssl=1\" width=\"1170\" height=\"780\" alt=\"\" title=\"Die Millionenshow\" aria-label=\"Die Millionenshow\" class=\"img-responsive wp-image-3798\" srcset=\"https:\/\/i0.wp.com\/www.talk-tv.at\/wp-content\/uploads\/2026\/02\/Die-Millionenshow_Armin-Assinger_15-scaled.jpg?resize=200%2C133&amp;ssl=1 200w, https:\/\/i0.wp.com\/www.talk-tv.at\/wp-content\/uploads\/2026\/02\/Die-Millionenshow_Armin-Assinger_15-scaled.jpg?resize=300%2C200&amp;ssl=1 300w, https:\/\/i0.wp.com\/www.talk-tv.at\/wp-content\/uploads\/2026\/02\/Die-Millionenshow_Armin-Assinger_15-scaled.jpg?resize=400%2C267&amp;ssl=1 400w, https:\/\/i0.wp.com\/www.talk-tv.at\/wp-content\/uploads\/2026\/02\/Die-Millionenshow_Armin-Assinger_15-scaled.jpg?resize=600%2C400&amp;ssl=1 600w, https:\/\/i0.wp.com\/www.talk-tv.at\/wp-content\/uploads\/2026\/02\/Die-Millionenshow_Armin-Assinger_15-scaled.jpg?resize=768%2C512&amp;ssl=1 768w, https:\/\/i0.wp.com\/www.talk-tv.at\/wp-content\/uploads\/2026\/02\/Die-Millionenshow_Armin-Assinger_15-scaled.jpg?resize=800%2C533&amp;ssl=1 800w, https:\/\/i0.wp.com\/www.talk-tv.at\/wp-content\/uploads\/2026\/02\/Die-Millionenshow_Armin-Assinger_15-scaled.jpg?resize=1024%2C683&amp;ssl=1 1024w, https:\/\/i0.wp.com\/www.talk-tv.at\/wp-content\/uploads\/2026\/02\/Die-Millionenshow_Armin-Assinger_15-scaled.jpg?resize=1200%2C800&amp;ssl=1 1200w, https:\/\/i0.wp.com\/www.talk-tv.at\/wp-content\/uploads\/2026\/02\/Die-Millionenshow_Armin-Assinger_15-scaled.jpg?resize=1536%2C1024&amp;ssl=1 1536w, https:\/\/i0.wp.com\/www.talk-tv.at\/wp-content\/uploads\/2026\/02\/Die-Millionenshow_Armin-Assinger_15-scaled.jpg?w=2340&amp;ssl=1 2340w, https:\/\/i0.wp.com\/www.talk-tv.at\/wp-content\/uploads\/2026\/02\/Die-Millionenshow_Armin-Assinger_15-scaled.jpg?w=2560&amp;ssl=1 2560w\" sizes=\"(min-width: 2200px) 100vw, (min-width: 640px) 1170px, \" \/><\/div><\/a><\/div><\/div><div style=\"padding:2.5px;\" class=\"fusion-grid-column fusion-gallery-column fusion-gallery-column-2 hover-type-zoomin fusion-element-landscape fusion-element-portrait\"><div class=\"fusion-gallery-image\"><a href=\"https:\/\/i0.wp.com\/www.talk-tv.at\/wp-content\/uploads\/2026\/02\/Die-Millionenshow_Armin-Assinger_11-1-scaled.jpg?fit=2560%2C1707&#038;ssl=1\" data-caption=\"Die Promi-Millionenshow f\u00fcr Licht ins Dunkel - Prominente stellen ihr Wissen auf die Probe und versuchen auch heuer wieder f\u00fcr Licht ins Dunkel bei Armin Assinger m\u00f6glichst viele Fragen zu beantworten und max. EUR 300.000,-- zu erspielen. Mit: Maya Hakvoort (Musicaldarstellerin), Anna Strigl (Influencerin, Dancing Stars-Teilnehmerin) Im Bild: Armin Assinger. - SENDUNG: ORF2 - MO - 08.12.2025 - 20:14 Uhr - Foto: ORF\/Guido Engels - Ver\u00f6ffentlichung honorarfrei nur f\u00fcr redaktionelle Berichterstattung in Sendungszusammenhang und mit Copyrightangabe. Kontakt: foto@orf.at\" rel=\"noreferrer\" data-rel=\"iLightbox[gallery_image_1]\" class=\"fusion-lightbox\" target=\"_self\"><div style=\"background-image:url(https:\/\/i0.wp.com\/www.talk-tv.at\/wp-content\/uploads\/2026\/02\/Die-Millionenshow_Armin-Assinger_11-1-scaled.jpg?fit=2560%2C1707&#038;ssl=1);padding-top:calc((100% + 4px) * 0.8);background-position:;\" class=\"fusion-masonry-element-container\"><img data-recalc-dims=\"1\" decoding=\"async\" src=\"https:\/\/i0.wp.com\/www.talk-tv.at\/wp-content\/uploads\/2026\/02\/Die-Millionenshow_Armin-Assinger_11-1-scaled.jpg?resize=1170%2C780&#038;ssl=1\" width=\"1170\" height=\"780\" alt=\"\" title=\"Die Promi-Millionenshow f\u00fcr Licht ins Dunkel\" aria-label=\"Die Promi-Millionenshow f\u00fcr Licht ins Dunkel\" class=\"img-responsive wp-image-3813\" srcset=\"https:\/\/i0.wp.com\/www.talk-tv.at\/wp-content\/uploads\/2026\/02\/Die-Millionenshow_Armin-Assinger_11-1-scaled.jpg?resize=200%2C133&amp;ssl=1 200w, https:\/\/i0.wp.com\/www.talk-tv.at\/wp-content\/uploads\/2026\/02\/Die-Millionenshow_Armin-Assinger_11-1-scaled.jpg?resize=300%2C200&amp;ssl=1 300w, https:\/\/i0.wp.com\/www.talk-tv.at\/wp-content\/uploads\/2026\/02\/Die-Millionenshow_Armin-Assinger_11-1-scaled.jpg?resize=400%2C267&amp;ssl=1 400w, https:\/\/i0.wp.com\/www.talk-tv.at\/wp-content\/uploads\/2026\/02\/Die-Millionenshow_Armin-Assinger_11-1-scaled.jpg?resize=600%2C400&amp;ssl=1 600w, https:\/\/i0.wp.com\/www.talk-tv.at\/wp-content\/uploads\/2026\/02\/Die-Millionenshow_Armin-Assinger_11-1-scaled.jpg?resize=768%2C512&amp;ssl=1 768w, https:\/\/i0.wp.com\/www.talk-tv.at\/wp-content\/uploads\/2026\/02\/Die-Millionenshow_Armin-Assinger_11-1-scaled.jpg?resize=800%2C533&amp;ssl=1 800w, https:\/\/i0.wp.com\/www.talk-tv.at\/wp-content\/uploads\/2026\/02\/Die-Millionenshow_Armin-Assinger_11-1-scaled.jpg?resize=1024%2C683&amp;ssl=1 1024w, https:\/\/i0.wp.com\/www.talk-tv.at\/wp-content\/uploads\/2026\/02\/Die-Millionenshow_Armin-Assinger_11-1-scaled.jpg?resize=1200%2C800&amp;ssl=1 1200w, https:\/\/i0.wp.com\/www.talk-tv.at\/wp-content\/uploads\/2026\/02\/Die-Millionenshow_Armin-Assinger_11-1-scaled.jpg?resize=1536%2C1024&amp;ssl=1 1536w, https:\/\/i0.wp.com\/www.talk-tv.at\/wp-content\/uploads\/2026\/02\/Die-Millionenshow_Armin-Assinger_11-1-scaled.jpg?w=2340&amp;ssl=1 2340w, https:\/\/i0.wp.com\/www.talk-tv.at\/wp-content\/uploads\/2026\/02\/Die-Millionenshow_Armin-Assinger_11-1-scaled.jpg?w=2560&amp;ssl=1 2560w\" sizes=\"(min-width: 2200px) 100vw, (min-width: 640px) 1170px, \" \/><\/div><\/a><\/div><\/div><div style=\"padding:2.5px;\" class=\"fusion-grid-column fusion-gallery-column fusion-gallery-column-2 hover-type-zoomin fusion-element-landscape fusion-element-portrait\"><div class=\"fusion-gallery-image\"><a href=\"https:\/\/i0.wp.com\/www.talk-tv.at\/wp-content\/uploads\/2026\/02\/Die-Millionenshow_Armin-Assinger_05-scaled.jpg?fit=2560%2C1707&#038;ssl=1\" data-caption=\"Die Promi-Sportler-Millionenshow - Prominente Sportler stellen ihr Wissen auf die Probe, um mit dem erspielten Geld junge, aktive Nachwuchssportler zu unterst\u00fctzen. M\u00f6glichst viele Fragen sollen beantwortet werden, um eine m\u00f6glichst hohe Gewinnsumme zu erspielen, die der \u00d6sterreichischen Sporthilfe zugutekommen wird.\u00a0 Im Bild: Armin Assinger. - SENDUNG: ORF2 - SA - 27.09.2025 - 20:15 Uhr - Foto: ORF\/Stefan Gregorowius - Ver\u00f6ffentlichung honorarfrei nur f\u00fcr redaktionelle Berichterstattung in Sendungszusammenhang und mit Copyrightangabe. Kontakt: foto@orf.at\" rel=\"noreferrer\" data-rel=\"iLightbox[gallery_image_1]\" class=\"fusion-lightbox\" target=\"_self\"><div style=\"background-image:url(https:\/\/i0.wp.com\/www.talk-tv.at\/wp-content\/uploads\/2026\/02\/Die-Millionenshow_Armin-Assinger_05-scaled.jpg?fit=2560%2C1707&#038;ssl=1);padding-top:calc((100% + 4px) * 0.8);background-position:;\" class=\"fusion-masonry-element-container\"><img data-recalc-dims=\"1\" decoding=\"async\" src=\"https:\/\/i0.wp.com\/www.talk-tv.at\/wp-content\/uploads\/2026\/02\/Die-Millionenshow_Armin-Assinger_05-scaled.jpg?resize=1170%2C780&#038;ssl=1\" width=\"1170\" height=\"780\" alt=\"\" title=\"Die Promi-Sportler-Millionenshow\" aria-label=\"Die Promi-Sportler-Millionenshow\" class=\"img-responsive wp-image-3797\" srcset=\"https:\/\/i0.wp.com\/www.talk-tv.at\/wp-content\/uploads\/2026\/02\/Die-Millionenshow_Armin-Assinger_05-scaled.jpg?resize=200%2C133&amp;ssl=1 200w, https:\/\/i0.wp.com\/www.talk-tv.at\/wp-content\/uploads\/2026\/02\/Die-Millionenshow_Armin-Assinger_05-scaled.jpg?resize=300%2C200&amp;ssl=1 300w, https:\/\/i0.wp.com\/www.talk-tv.at\/wp-content\/uploads\/2026\/02\/Die-Millionenshow_Armin-Assinger_05-scaled.jpg?resize=400%2C267&amp;ssl=1 400w, https:\/\/i0.wp.com\/www.talk-tv.at\/wp-content\/uploads\/2026\/02\/Die-Millionenshow_Armin-Assinger_05-scaled.jpg?resize=600%2C400&amp;ssl=1 600w, https:\/\/i0.wp.com\/www.talk-tv.at\/wp-content\/uploads\/2026\/02\/Die-Millionenshow_Armin-Assinger_05-scaled.jpg?resize=768%2C512&amp;ssl=1 768w, https:\/\/i0.wp.com\/www.talk-tv.at\/wp-content\/uploads\/2026\/02\/Die-Millionenshow_Armin-Assinger_05-scaled.jpg?resize=800%2C533&amp;ssl=1 800w, https:\/\/i0.wp.com\/www.talk-tv.at\/wp-content\/uploads\/2026\/02\/Die-Millionenshow_Armin-Assinger_05-scaled.jpg?resize=1024%2C683&amp;ssl=1 1024w, https:\/\/i0.wp.com\/www.talk-tv.at\/wp-content\/uploads\/2026\/02\/Die-Millionenshow_Armin-Assinger_05-scaled.jpg?resize=1200%2C800&amp;ssl=1 1200w, https:\/\/i0.wp.com\/www.talk-tv.at\/wp-content\/uploads\/2026\/02\/Die-Millionenshow_Armin-Assinger_05-scaled.jpg?resize=1536%2C1024&amp;ssl=1 1536w, https:\/\/i0.wp.com\/www.talk-tv.at\/wp-content\/uploads\/2026\/02\/Die-Millionenshow_Armin-Assinger_05-scaled.jpg?w=2340&amp;ssl=1 2340w, https:\/\/i0.wp.com\/www.talk-tv.at\/wp-content\/uploads\/2026\/02\/Die-Millionenshow_Armin-Assinger_05-scaled.jpg?w=2560&amp;ssl=1 2560w\" sizes=\"(min-width: 2200px) 100vw, (min-width: 640px) 1170px, \" \/><\/div><\/a><\/div><\/div><div style=\"padding:2.5px;\" class=\"fusion-grid-column fusion-gallery-column fusion-gallery-column-2 hover-type-zoomin fusion-element-landscape fusion-element-portrait\"><div class=\"fusion-gallery-image\"><a href=\"https:\/\/i0.wp.com\/www.talk-tv.at\/wp-content\/uploads\/2026\/02\/Die-Millionenshow_Armin-Assinger_08-scaled.jpg?fit=2560%2C1707&#038;ssl=1\" data-caption=\"Die Millionenshow - Mit Wissen und einem Qu\u00e4ntchen Gl\u00fcck haben auch diesmal wieder vier Kandidaten die Chance auf den Gewinn von 1 Million Euro!\u00a0 Im Bild: Armin Assinger. - SENDUNG: ORF2 - MO - 07.07.2025 - 20:15 Uhr - Foto: ORF\/Stefan Gregorowius - Ver\u00f6ffentlichung honorarfrei nur f\u00fcr redaktionelle Berichterstattung in Sendungszusammenhang und mit Copyrightangabe. Kontakt: foto@orf.at\" rel=\"noreferrer\" data-rel=\"iLightbox[gallery_image_1]\" class=\"fusion-lightbox\" target=\"_self\"><div style=\"background-image:url(https:\/\/i0.wp.com\/www.talk-tv.at\/wp-content\/uploads\/2026\/02\/Die-Millionenshow_Armin-Assinger_08-scaled.jpg?fit=2560%2C1707&#038;ssl=1);padding-top:calc((100% + 4px) * 0.8);background-position:;\" class=\"fusion-masonry-element-container\"><img data-recalc-dims=\"1\" decoding=\"async\" src=\"https:\/\/i0.wp.com\/www.talk-tv.at\/wp-content\/uploads\/2026\/02\/Die-Millionenshow_Armin-Assinger_08-scaled.jpg?resize=1170%2C780&#038;ssl=1\" width=\"1170\" height=\"780\" alt=\"\" title=\"Die Millionenshow\" aria-label=\"Die Millionenshow\" class=\"img-responsive wp-image-3802\" srcset=\"https:\/\/i0.wp.com\/www.talk-tv.at\/wp-content\/uploads\/2026\/02\/Die-Millionenshow_Armin-Assinger_08-scaled.jpg?resize=200%2C133&amp;ssl=1 200w, https:\/\/i0.wp.com\/www.talk-tv.at\/wp-content\/uploads\/2026\/02\/Die-Millionenshow_Armin-Assinger_08-scaled.jpg?resize=300%2C200&amp;ssl=1 300w, https:\/\/i0.wp.com\/www.talk-tv.at\/wp-content\/uploads\/2026\/02\/Die-Millionenshow_Armin-Assinger_08-scaled.jpg?resize=400%2C267&amp;ssl=1 400w, https:\/\/i0.wp.com\/www.talk-tv.at\/wp-content\/uploads\/2026\/02\/Die-Millionenshow_Armin-Assinger_08-scaled.jpg?resize=600%2C400&amp;ssl=1 600w, https:\/\/i0.wp.com\/www.talk-tv.at\/wp-content\/uploads\/2026\/02\/Die-Millionenshow_Armin-Assinger_08-scaled.jpg?resize=768%2C512&amp;ssl=1 768w, https:\/\/i0.wp.com\/www.talk-tv.at\/wp-content\/uploads\/2026\/02\/Die-Millionenshow_Armin-Assinger_08-scaled.jpg?resize=800%2C533&amp;ssl=1 800w, https:\/\/i0.wp.com\/www.talk-tv.at\/wp-content\/uploads\/2026\/02\/Die-Millionenshow_Armin-Assinger_08-scaled.jpg?resize=1024%2C683&amp;ssl=1 1024w, https:\/\/i0.wp.com\/www.talk-tv.at\/wp-content\/uploads\/2026\/02\/Die-Millionenshow_Armin-Assinger_08-scaled.jpg?resize=1200%2C800&amp;ssl=1 1200w, https:\/\/i0.wp.com\/www.talk-tv.at\/wp-content\/uploads\/2026\/02\/Die-Millionenshow_Armin-Assinger_08-scaled.jpg?resize=1536%2C1024&amp;ssl=1 1536w, https:\/\/i0.wp.com\/www.talk-tv.at\/wp-content\/uploads\/2026\/02\/Die-Millionenshow_Armin-Assinger_08-scaled.jpg?w=2340&amp;ssl=1 2340w, https:\/\/i0.wp.com\/www.talk-tv.at\/wp-content\/uploads\/2026\/02\/Die-Millionenshow_Armin-Assinger_08-scaled.jpg?w=2560&amp;ssl=1 2560w\" sizes=\"(min-width: 2200px) 100vw, (min-width: 640px) 1170px, \" \/><\/div><\/a><\/div><\/div><\/div><\/div><div class=\"fusion-clearfix\"><\/div><\/div><\/div><div class=\"fusion-layout-column fusion_builder_column fusion-builder-column-2 fusion_builder_column_1_1 1_1 fusion-one-full fusion-column-first fusion-column-last\" style=\"--awb-bg-size:cover;\"><div class=\"fusion-column-wrapper fusion-column-has-shadow fusion-flex-column-wrapper-legacy\"><div class=\"fusion-sep-clear\"><\/div><div class=\"fusion-separator fusion-full-width-sep\" style=\"margin-left: auto;margin-right: auto;margin-bottom:40px;width:100%;\"><\/div><div class=\"fusion-sep-clear\"><\/div><div class=\"fusion-clearfix\"><\/div><\/div><\/div><\/div><\/div><div class=\"fusion-fullwidth fullwidth-box fusion-builder-row-2 has-pattern-background has-mask-background nonhundred-percent-fullwidth non-hundred-percent-height-scrolling\" style=\"--awb-border-radius-top-left:0px;--awb-border-radius-top-right:0px;--awb-border-radius-bottom-right:0px;--awb-border-radius-bottom-left:0px;--awb-background-color:var(--awb-color1);--awb-flex-wrap:wrap;\" ><div class=\"fusion-builder-row fusion-row\"><div class=\"fusion-layout-column fusion_builder_column fusion-builder-column-3 fusion_builder_column_1_3 1_3 fusion-one-third fusion-column-first\" style=\"--awb-bg-size:cover;width:33.333333333333%;width:calc(33.333333333333% - ( ( 4% ) * 0.33333333333333 ) );margin-right: 4%;\"><div class=\"fusion-column-wrapper fusion-column-has-shadow fusion-flex-column-wrapper-legacy\"><div class=\"fusion-image-element in-legacy-container\" style=\"--awb-caption-title-font-family:var(--h2_typography-font-family);--awb-caption-title-font-weight:var(--h2_typography-font-weight);--awb-caption-title-font-style:var(--h2_typography-font-style);--awb-caption-title-size:var(--h2_typography-font-size);--awb-caption-title-transform:var(--h2_typography-text-transform);--awb-caption-title-line-height:var(--h2_typography-line-height);--awb-caption-title-letter-spacing:var(--h2_typography-letter-spacing);\"><span class=\" fusion-imageframe imageframe-none imageframe-1 hover-type-none\"><img data-recalc-dims=\"1\" decoding=\"async\" width=\"1024\" height=\"683\" title=\"Die Millionenshow\" src=\"https:\/\/i0.wp.com\/www.talk-tv.at\/wp-content\/uploads\/2019\/10\/mio_hp_09.jpg?resize=1024%2C683&#038;ssl=1\" alt class=\"img-responsive wp-image-737\" srcset=\"https:\/\/i0.wp.com\/www.talk-tv.at\/wp-content\/uploads\/2019\/10\/mio_hp_09.jpg?resize=200%2C133&amp;ssl=1 200w, https:\/\/i0.wp.com\/www.talk-tv.at\/wp-content\/uploads\/2019\/10\/mio_hp_09.jpg?resize=300%2C200&amp;ssl=1 300w, https:\/\/i0.wp.com\/www.talk-tv.at\/wp-content\/uploads\/2019\/10\/mio_hp_09.jpg?resize=400%2C267&amp;ssl=1 400w, https:\/\/i0.wp.com\/www.talk-tv.at\/wp-content\/uploads\/2019\/10\/mio_hp_09.jpg?resize=600%2C400&amp;ssl=1 600w, https:\/\/i0.wp.com\/www.talk-tv.at\/wp-content\/uploads\/2019\/10\/mio_hp_09.jpg?resize=768%2C512&amp;ssl=1 768w, https:\/\/i0.wp.com\/www.talk-tv.at\/wp-content\/uploads\/2019\/10\/mio_hp_09.jpg?resize=800%2C534&amp;ssl=1 800w, https:\/\/i0.wp.com\/www.talk-tv.at\/wp-content\/uploads\/2019\/10\/mio_hp_09.jpg?w=1024&amp;ssl=1 1024w\" sizes=\"(max-width: 800px) 100vw, 400px\" \/><\/span><\/div><div class=\"fusion-sep-clear\"><\/div><div class=\"fusion-separator fusion-full-width-sep\" style=\"margin-left: auto;margin-right: auto;margin-top:10px;margin-bottom:10px;width:100%;\"><\/div><div class=\"fusion-sep-clear\"><\/div><div class=\"fusion-image-element in-legacy-container\" style=\"--awb-caption-title-font-family:var(--h2_typography-font-family);--awb-caption-title-font-weight:var(--h2_typography-font-weight);--awb-caption-title-font-style:var(--h2_typography-font-style);--awb-caption-title-size:var(--h2_typography-font-size);--awb-caption-title-transform:var(--h2_typography-text-transform);--awb-caption-title-line-height:var(--h2_typography-line-height);--awb-caption-title-letter-spacing:var(--h2_typography-letter-spacing);\"><span class=\" fusion-imageframe imageframe-none imageframe-2 hover-type-none\"><img data-recalc-dims=\"1\" decoding=\"async\" width=\"1024\" height=\"683\" title=\"Die Millionenshow\" src=\"https:\/\/i0.wp.com\/www.talk-tv.at\/wp-content\/uploads\/2019\/10\/mio_hp_00.jpg?resize=1024%2C683&#038;ssl=1\" alt class=\"img-responsive wp-image-747\" srcset=\"https:\/\/i0.wp.com\/www.talk-tv.at\/wp-content\/uploads\/2019\/10\/mio_hp_00.jpg?resize=200%2C133&amp;ssl=1 200w, https:\/\/i0.wp.com\/www.talk-tv.at\/wp-content\/uploads\/2019\/10\/mio_hp_00.jpg?resize=300%2C200&amp;ssl=1 300w, https:\/\/i0.wp.com\/www.talk-tv.at\/wp-content\/uploads\/2019\/10\/mio_hp_00.jpg?resize=400%2C267&amp;ssl=1 400w, https:\/\/i0.wp.com\/www.talk-tv.at\/wp-content\/uploads\/2019\/10\/mio_hp_00.jpg?resize=600%2C400&amp;ssl=1 600w, https:\/\/i0.wp.com\/www.talk-tv.at\/wp-content\/uploads\/2019\/10\/mio_hp_00.jpg?resize=768%2C512&amp;ssl=1 768w, https:\/\/i0.wp.com\/www.talk-tv.at\/wp-content\/uploads\/2019\/10\/mio_hp_00.jpg?resize=800%2C534&amp;ssl=1 800w, https:\/\/i0.wp.com\/www.talk-tv.at\/wp-content\/uploads\/2019\/10\/mio_hp_00.jpg?w=1024&amp;ssl=1 1024w\" sizes=\"(max-width: 800px) 100vw, 400px\" \/><\/span><\/div><div class=\"fusion-clearfix\"><\/div><\/div><\/div><div class=\"fusion-layout-column fusion_builder_column fusion-builder-column-4 fusion_builder_column_2_3 2_3 fusion-two-third fusion-column-last\" style=\"--awb-bg-size:cover;width:66.666666666667%;width:calc(66.666666666667% - ( ( 4% ) * 0.66666666666667 ) );\"><div class=\"fusion-column-wrapper fusion-column-has-shadow fusion-flex-column-wrapper-legacy\"><div class=\"fusion-text fusion-text-2\"><p style=\"text-align: justify;\"><b>Im Mittelpunkt der erfolgreichsten Quiz-Show der Welt stehen die KandidatInnen<\/b>, ihr Wissen und ihr Esprit! Wer auf dem hei\u00dfen Stuhl Platz nimmt, hat eine einmalige Chance: Durch Wissen, Taktik und mit einer Portion Gl\u00fcck k\u00f6nnte er oder sie das Studio als <b>Million\u00e4rIn<\/b> verlassen! Sieben KandidatInnen haben das bereits geschafft. Sie beantworteten alle 15 Fragen von Armin Assinger korrekt und durften im Geldregen baden.<\/p>\n<\/div><div class=\"fusion-sep-clear\"><\/div><div class=\"fusion-separator fusion-full-width-sep\" style=\"margin-left: auto;margin-right: auto;margin-top:10px;margin-bottom:10px;width:100%;\"><\/div><div class=\"fusion-sep-clear\"><\/div><div class=\"fusion-text fusion-text-3\"><p style=\"text-align: justify;\"><b>Das Team von<\/b> <b>TALK TV<\/b> hat seit 2003 im Rahmen des mehrstufigen telefonischen Castingverfahrens weit \u00fcber 100.000 Erstgespr\u00e4che gef\u00fchrt. Diese Gespr\u00e4che sowie die weiteren Castingrunden absolvierten mehr als 6.000 BewerberInnen erfolgreich und durften sich somit \u00fcber eine Teilnahme an der Millionenshow freuen.<\/p>\n<p style=\"text-align: justify;\">Neben den regul\u00e4ren Ausgaben sorgen immer wieder Spezialsendungen der Millionenshow f\u00fcr erstklassiges Quizvergn\u00fcgen \u2013 auch hier leitet TALK TV das <b>Casting<\/b>.<\/p>\n<p style=\"text-align: justify;\"><span style=\"font-size: 14pt;\"><b>Wollen Sie KandidatIn in der ORF Millionenshow werden?<br \/>\n<\/b>Dann melden Sie sich online unter <a href=\"http:\/\/tv.orf.at\/millionenshow\" target=\"_blank\" rel=\"noopener\"><b>http:\/\/tv.ORF.at\/millionenshow<\/b><\/a> an.<\/span><\/p>\n<p style=\"text-align: justify;\">Wer in die engere Auswahl kommt und bei einem <b>Telefoncasting<\/b> die M\u00f6glichkeit erh\u00e4lt, mit Wissen zu gl\u00e4nzen, entscheidet dann der <b>Zufallsgenerator<\/b>.<\/p>\n<p style=\"text-align: justify;\">Fotos: \u00a9 ORF<\/p>\n<\/div><div class=\"fusion-clearfix\"><\/div><\/div><\/div><\/div><\/div><\/p>\n","protected":false},"excerpt":{"rendered":"","protected":false},"author":1,"featured_media":0,"parent":956,"menu_order":0,"comment_status":"closed","ping_status":"closed","template":"100-width.php","meta":{"_acf_changed":false,"footnotes":""},"class_list":["post-1025","page","type-page","status-publish","hentry"],"acf":[],"jetpack_sharing_enabled":true,"_links":{"self":[{"href":"https:\/\/www.talk-tv.at\/index.php\/wp-json\/wp\/v2\/pages\/1025","targetHints":{"allow":["GET"]}}],"collection":[{"href":"https:\/\/www.talk-tv.at\/index.php\/wp-json\/wp\/v2\/pages"}],"about":[{"href":"https:\/\/www.talk-tv.at\/index.php\/wp-json\/wp\/v2\/types\/page"}],"author":[{"embeddable":true,"href":"https:\/\/www.talk-tv.at\/index.php\/wp-json\/wp\/v2\/users\/1"}],"replies":[{"embeddable":true,"href":"https:\/\/www.talk-tv.at\/index.php\/wp-json\/wp\/v2\/comments?post=1025"}],"version-history":[{"count":29,"href":"https:\/\/www.talk-tv.at\/index.php\/wp-json\/wp\/v2\/pages\/1025\/revisions"}],"predecessor-version":[{"id":3827,"href":"https:\/\/www.talk-tv.at\/index.php\/wp-json\/wp\/v2\/pages\/1025\/revisions\/3827"}],"up":[{"embeddable":true,"href":"https:\/\/www.talk-tv.at\/index.php\/wp-json\/wp\/v2\/pages\/956"}],"wp:attachment":[{"href":"https:\/\/www.talk-tv.at\/index.php\/wp-json\/wp\/v2\/media?parent=1025"}],"curies":[{"name":"wp","href":"https:\/\/api.w.org\/{rel}","templated":true}]}}